{"id":160,"date":"2022-11-27T09:59:42","date_gmt":"2022-11-27T09:59:42","guid":{"rendered":"https:\/\/mojedec.org\/?page_id=160"},"modified":"2022-11-27T09:59:44","modified_gmt":"2022-11-27T09:59:44","slug":"mojedec-live","status":"publish","type":"page","link":"https:\/\/mojedec.org\/index.php\/mojedec-live\/","title":{"rendered":"Mojedec Live"},"content":{"rendered":"\n<div class=\"wp-youtube-live dead\"><p>D\u00e9sol\u00e9, il n'y a pas de diffusion en direct pour le moment. Merci de revenir plus tard ou de jeter un coup d'\u0153il \u00e0 <a target=\"_blank\" href=\"https:\/\/youtube.com\/channel\/UCNwk3GV4qiOvruCsXdVfM4g\">toutes nos vid\u00e9os<\/a>.<\/p>\r\n<p><button type=\"button\" class=\"button\" id=\"check-again\">V\u00e9rifiez \u00e0 nouveau<\/button><span class=\"spinner\"><\/span><\/p><span class=\"wp-youtube-live-error\" style=\"display: none;\"><\/span>\n        <\/div>\n","protected":false},"excerpt":{"rendered":"D\u00e9sol\u00e9, il n'y a pas de diffusion en direct pour le moment. Merci de revenir plus tard ou de jeter un coup d'\u0153il \u00e0 toutes nos vid\u00e9os. V\u00e9rifiez \u00e0 nouveau","protected":false},"author":1,"featured_media":0,"parent":0,"menu_order":0,"comment_status":"closed","ping_status":"closed","template":"","meta":{"om_disable_all_campaigns":false,"_mi_skip_tracking":false},"aioseo_notices":[],"_links":{"self":[{"href":"https:\/\/mojedec.org\/index.php\/wp-json\/wp\/v2\/pages\/160"}],"collection":[{"href":"https:\/\/mojedec.org\/index.php\/wp-json\/wp\/v2\/pages"}],"about":[{"href":"https:\/\/mojedec.org\/index.php\/wp-json\/wp\/v2\/types\/page"}],"author":[{"embeddable":true,"href":"https:\/\/mojedec.org\/index.php\/wp-json\/wp\/v2\/users\/1"}],"replies":[{"embeddable":true,"href":"https:\/\/mojedec.org\/index.php\/wp-json\/wp\/v2\/comments?post=160"}],"version-history":[{"count":1,"href":"https:\/\/mojedec.org\/index.php\/wp-json\/wp\/v2\/pages\/160\/revisions"}],"predecessor-version":[{"id":161,"href":"https:\/\/mojedec.org\/index.php\/wp-json\/wp\/v2\/pages\/160\/revisions\/161"}],"wp:attachment":[{"href":"https:\/\/mojedec.org\/index.php\/wp-json\/wp\/v2\/media?parent=160"}],"curies":[{"name":"wp","href":"https:\/\/api.w.org\/{rel}","templated":true}]}}