{"id":487,"date":"2023-01-22T12:04:50","date_gmt":"2023-01-22T11:04:50","guid":{"rendered":"https:\/\/mojedec.org\/?page_id=487"},"modified":"2024-08-10T12:18:57","modified_gmt":"2024-08-10T11:18:57","slug":"__trashed-3","status":"publish","type":"page","link":"https:\/\/mojedec.org\/index.php\/__trashed-3\/","title":{"rendered":"A propos du MOJEDEC"},"content":{"rendered":"\n<figure class=\"wp-block-image size-large\"><img decoding=\"async\" loading=\"lazy\" width=\"1024\" height=\"683\" src=\"https:\/\/mojedec.org\/wp-content\/uploads\/2023\/01\/JMP_3212-1024x683.jpg\" alt=\"\" class=\"wp-image-495\" srcset=\"https:\/\/mojedec.org\/wp-content\/uploads\/2023\/01\/JMP_3212-1024x683.jpg 1024w, https:\/\/mojedec.org\/wp-content\/uploads\/2023\/01\/JMP_3212-300x200.jpg 300w, https:\/\/mojedec.org\/wp-content\/uploads\/2023\/01\/JMP_3212-768x512.jpg 768w, https:\/\/mojedec.org\/wp-content\/uploads\/2023\/01\/JMP_3212-1536x1024.jpg 1536w, https:\/\/mojedec.org\/wp-content\/uploads\/2023\/01\/JMP_3212-2048x1365.jpg 2048w, https:\/\/mojedec.org\/wp-content\/uploads\/2023\/01\/JMP_3212-750x500.jpg 750w, https:\/\/mojedec.org\/wp-content\/uploads\/2023\/01\/JMP_3212-1140x760.jpg 1140w\" sizes=\"(max-width: 1024px) 100vw, 1024px\" \/><\/figure>\n\n\n\n<p><\/p>\n\n\n\n<p>Le Mouvement des Jeunes pour le D\u00e9veloppement et Education citoyenne (MOJEDEC) a \u00e9t\u00e9 cr\u00e9\u00e9 le 21 septembre 2011 et est reconnu par l\u2019arr\u00eat\u00e9 n\u00b0189\u00a0\/\u00a0MISPD\u00a0\/AR\/DGAP\/DLP du 05 avril 2012 conform\u00e9ment \u00e0 l\u2019ordonnance n\u00b084-06 du 1<sup>er<\/sup> Mars 1984 portant r\u00e9gime des associations, modifi\u00e9e par la loi n\u00b091-006 du 20 Mars 1991. Ce mouvement est amin\u00e9 par des jeunes nig\u00e9riens et a pour objectif g\u00e9n\u00e9ral de contribuer efficacement au d\u00e9veloppement socio-\u00e9conomique du Niger.<\/p>\n\n\n\n<p>La mission du MOJEDEC est de former un citoyen model, profond\u00e9ment attach\u00e9 aux valeurs citoyennes, engag\u00e9 pour des actions communautaires et la d\u00e9fense de l\u2019int\u00e9r\u00eat g\u00e9n\u00e9ral.<\/p>\n\n\n\n<p>De sa cr\u00e9ation \u00e0 nos jours, le MOJEDEC a mis en \u0153uvre plusieurs actions portant sur&nbsp;: le leadership&nbsp;; la citoyennet\u00e9 et la culture de la paix&nbsp;; la pr\u00e9vention des conflits et la participation citoyenne des jeunes et femmes dans le processus de prise de d\u00e9cision ; d\u00e9mocratie et bonne gouvernance&nbsp;; les droits humains&nbsp;; Sant\u00e9 de la reproduction&nbsp;; environnement et assainissement&nbsp;; s\u00e9curit\u00e9 routi\u00e8re et actions humanitaires. Ci-dessous quelques actions phares :<\/p>\n\n\n\n<ul>\n<li>Le Programme <strong>\u00ab&nbsp;Universit\u00e9 Sans d\u00e9chets&nbsp;\u00bb<\/strong>&nbsp;: qui a consist\u00e9 \u00e0 la sensibilisation des \u00e9tudiants de l\u2019Universit\u00e9 Abdou Moumouni sur la participation citoyenne. Cette action a d\u00e9bouch\u00e9 sur la planification et l\u2019instauration d\u2019une journ\u00e9e sur le campus universitaire, appel\u00e9e <strong><em>\u00ab&nbsp;Universit\u00e9 sans D\u00e9chet&nbsp;\u00bb<\/em><\/strong>. A cet effet, plusieurs journ\u00e9es ont \u00e9t\u00e9 c\u00e9l\u00e9br\u00e9es \u00e0 travers l\u2019organisation mensuelle des s\u00e9ances de salubrit\u00e9 de 2012 \u00e0 2015. Dans le cadre de la mise en \u0153uvre de ce programme le MOJEDEC a r\u00e9alis\u00e9 une Formation \u00e0 l\u2019endroit de 67 \u00e9tudiants sur <strong><em>\u00ab&nbsp;hygi\u00e8ne et assainissement pour un campus propre \u00bb<\/em><\/strong>, financ\u00e9e par le du rectorat de l\u2019universit\u00e9 Abdou Moumouni de Niamey. Ce programme a conduit \u00e0 la mise en place d\u2019un cadre de concertation et d\u2019action d\u00e9nomm\u00e9 <strong>\u00ab&nbsp;CAMPUS PROPRE&nbsp;\u00bb<\/strong>, compos\u00e9 de l\u2019Union des Etudiants Nig\u00e9riens \u00e0 l\u2019Universit\u00e9 de Niamey (UENUN), le Club UNESCO, l\u2019association des \u00e9tudiants musulmans, les clubs des \u00e9tudiants, le CNOU et les repr\u00e9sentants du rectorat.<\/li>\n\n\n\n<li><strong>Projet appui \u00e0 la promotion du leadership f\u00e9minin<\/strong>&nbsp;: ce projet a consist\u00e9 \u00e0 l\u2019organisation d\u2019un concours citoyen sur le leadership f\u00e9minin avec l\u2019appui du minist\u00e8re de l\u2019enseignement primaire, de l\u2019alphab\u00e9tisation et de la promotion de langues nationales&nbsp;en 2013.<\/li>\n\n\n\n<li><strong>Projet de formation des jeunes paires \u00e9ducateurs sur le leadership, la paix et la citoyennet\u00e9 responsable&nbsp;<\/strong>: ce projet a permis de former 250 jeunes pairs \u00e9ducateurs sur le leadership, la paix et la citoyennet\u00e9 responsable dans les cinq arrondissements communaux de la ville de Niamey. Ce projet a \u00e9t\u00e9 financ\u00e9 par le Bureau de l\u2019UNICEF&nbsp;\u00e0 Niamey. La mise en \u0153uvre de l\u2019action a \u00e9t\u00e9 supervis\u00e9e par le Minist\u00e8re de la Jeunesse et des sports, qui en a aussi assur\u00e9 l\u2019encadrement technique dans la mise en \u0153uvre en 2013. Suite \u00e0 une \u00e9valuation en 2018, c\u2019est-\u00e0-dire 5 ans apr\u00e8s cette formation les jeunes b\u00e9n\u00e9ficiaires ont continu\u00e9 \u00e0 r\u00e9aliser des actions de sensibilisation et de formations ax\u00e9es sur la paix et la citoyennet\u00e9 responsable. Certains de ces jeunes sont devenus aujourd\u2019hui des leaders d\u2019organisations de la soci\u00e9t\u00e9 civile et membres de plusieurs autres ONGs \u00e0 l\u2019international qui \u0153uvrent dans les domaines de la paix ou la s\u00e9curit\u00e9, d\u2019autres sont devenus des m\u00e9diateurs communautaires et des paires \u00e9ducateurs.<\/li>\n\n\n\n<li><strong>Projet appui au renforcement des capacit\u00e9s des \u00e9tudiants sur la communication, la n\u00e9gociation, la culture de la paix et la citoyennet\u00e9 financ\u00e9 par Care Internationale et SOS Civisme Niger \u00e0 travers le projet (REVE)<\/strong>&nbsp;: Ce projet a permis de former 120 \u00e9tudiants sur la communication, la n\u00e9gociation, la culture de la paix et la citoyennet\u00e9 responsable. Cette formation a \u00e9t\u00e9 financ\u00e9e par le projet <strong>\u00ab&nbsp;Revalorisation du Vivre Ensemble (REVE)&nbsp;\u00bb<\/strong> en 2014. En termes d\u2019indicateurs on a relev\u00e9 que cette formation a beaucoup contribu\u00e9 \u00e0 la r\u00e9duction des violences en milieu universitaire et surtout lors des manifestations estudiantines. Aussi, on a constat\u00e9 que depuis cette formation les \u00e9tudiants sont devenus de plus en plus pacifiques dans leurs manifestions.<\/li>\n\n\n\n<li><strong>Projet Pr\u00e9vention des conflits \u00e9lectoraux et la participation politique des jeunes et des femmes dans toutes les r\u00e9gions du Niger en 2016<\/strong> <strong>financ\u00e9 par l\u2019USAID\/REWARD<\/strong>&nbsp;: Ce projet a beaucoup contribu\u00e9 dans la pr\u00e9vention des violences \u00e9lectorales en 2016. En effet dans le cadre de ce projet les jeunes et les femmes ont \u00e9t\u00e9 identifi\u00e9s dans toutes les r\u00e9gions du Niger pour suivre une formation sure <strong><em>\u00ab&nbsp;la paire \u00e9ducation&nbsp;\u00bb<\/em><\/strong>. Cette formation a contribu\u00e9 \u00e0 la tenue des \u00e9lections apais\u00e9es au Niger. Ces jeunes pairs \u00e9ducateurs ont conduit des s\u00e9ances de sensibilisations des proximit\u00e9s dans les diff\u00e9rents Fadas et lieux publics et ont organis\u00e9 des conf\u00e9rences publiques dans toutes les r\u00e9gions. A titre illustratif \u00e0 Zinder ce sont les jeunes des Fadas et Palais particuli\u00e8rement le Pr\u00e9sident de Palais des Grands GANG (PGG) qui a amin\u00e9 la conf\u00e9rence sur le r\u00f4le des jeunes pour les \u00e9lections apais\u00e9es \u00e0 Zinder, cela \u00e9tait l\u2019histoire du succ\u00e8s du projet.<\/li>\n\n\n\n<li><strong>Projet Appui \u00e0 la participation des jeunes pour la promotion de la citoyennet\u00e9 responsable, la culture de la paix et la coexistence pacifique dans les cinq (5) arrondissements communaux de Niamey, financ\u00e9 par le Care Internationale et SOS Civisme Niger en 2017<\/strong>. Ce projet a permis le renforcement des capacit\u00e9s des jeunes des cinq (5) arrondissements communaux de Niamey et a permis de mettre en place cinq (5) Comit\u00e9s des jeunes pour la paix et la coexistence pacifique. Ces comit\u00e9s ont conduit des s\u00e9ances de sensibilisation dans 50 Fadas de jeunes et ont organis\u00e9 5 s\u00e9ances de salubrit\u00e9. Actuellement chaque comit\u00e9 dispose d\u2019un groupe WHATSAP et est \u00e0 pied d\u2019\u0153uvre pour conduire d\u2019autres activit\u00e9s dans leurs arrondissements communaux respectifs.<\/li>\n\n\n\n<li><strong>Projet Appui au Dialogue pour la protection et la promotion de la libert\u00e9 de manifestation au Niger \u00ab PADIPLIM Niger \u00bb<\/strong> : Ce projet financ\u00e9 par l\u2019Organisation Internationale de la Francophonie (OIF) est mis en \u0153uvre sur six (6) mois dans trois r\u00e9gions du Niger \u00e0 savoir&nbsp;: Niamey&nbsp;; Zinder et Tahoua. Ce projet consiste \u00e0 organiser trois (3) ateliers de sensibilisation sur la libert\u00e9 de manifestation&nbsp;; concevoir un d\u00e9pliant sur le r\u00e9gime de la libert\u00e9 de manifestation&nbsp; imprim\u00e9 en cinq cent (500) exemplaires; organiser une caravane de sensibilisation sur la libert\u00e9 de manifestation dans les trois r\u00e9gions du Niger&nbsp;; mettre en place un Cadre Consultatif sur la libert\u00e9 de Manifestation (CACOLIM) dans chacune des trois (3) r\u00e9gions cibles du projet; l\u2019organisation d\u2019une journ\u00e9e parlementaire sur la libert\u00e9 de manifestation et un d\u00e9bat radio t\u00e9l\u00e9vis\u00e9 sur la libert\u00e9 de manifestation.<\/li>\n\n\n\n<li><strong>Projet<\/strong> <strong>MAPPING SECURITAIRE&nbsp;\u00ab&nbsp;MS HAROBANDA \u00bb : <\/strong>Ce projet financ\u00e9 par GEOA dans le cadre de Peace Tech Exchangepermet de r\u00e9aliser de mani\u00e8re hebdomadaire la cartographie s\u00e9curitaire dans l\u2019arrondissement communal Niamey V. Les informations sont collect\u00e9es \u00e0 travers les portables Android en utilisant l\u2019application ODK et sont transmises \u00e0 qui de droit pour des interventions promptes et efficaces. La cartographie fait ressortir le nom du quartier, l\u2019heure de l\u2019\u00e9v\u00e8nement, la g\u00e9olocalisation, la cam\u00e9ra, la vid\u00e9o, la photo et un code d\u2019acc\u00e8s pour tous les intervenants. Cette collecte porte sur les cas suivants : les accidents de circulation, les vols, le cambriolage, les viols, la d\u00e9linquance juv\u00e9nile, la consommation des stup\u00e9fiants, les r\u00e9seaux de trafic et des trafiquants, les inondations, le vol \u00e0 l\u2019arracher, l\u2019agression physique, \u2026.<\/li>\n\n\n\n<li><strong>Projet<\/strong> <strong>Appui \u00e0 l&rsquo;\u00e9ducation, la sant\u00e9 reproductive et la planification familiale dans la commune de Tamask\u00e9 \/ Tahoua&nbsp;: <\/strong>Ce projet consiste \u00e0 contribuer \u00e0 l&rsquo;\u00e9ducation, \u00e0 la sant\u00e9 de la reproduction et \u00e0 la planification familiale de sept (7) villages (Tamask\u00e9, Gaorame, Darey, Kartela, Agouloum Toudou, Hiro et Kallal\u00e9) de la commune de Tamask\u00e9. Ce projet permet de toucher les femmes, les jeunes, les \u00e9lus locaux, les chefs traditionnels et religieux, les organisations de la soci\u00e9t\u00e9 civile, les professionnels des m\u00e9dias, les agents de sant\u00e9 et les scolaires des 6 CEG de la commune de Tamask\u00e9. Ce sont directement 1030 personnes atteintes (hommes et femmes) par le biais de la formation et de la sensibilisation. Ind\u00e9pendamment des formations, 5 000 personnes (hommes et femmes) sont sensibilis\u00e9es via les radios communautaires et la campagne de sensibilisation \u00e0 travers les r\u00e9seaux sociaux (Facebook, Whatsapp et tweeter).<\/li>\n\n\n\n<li><strong>Paix et s\u00e9curit\u00e9&nbsp;: <\/strong>Depuis 2016 le MOJEDEC participe aux c\u00f4t\u00e9s des autres structures communautaires du 5<sup>\u00e8me<\/sup> Arrondissement de la Ville de Niamey \u00e0 la mise en \u0153uvre du programme \u00ab&nbsp;Dialogue pour la Justice et de S\u00e9curit\u00e9&nbsp;\u00bb, DJS (en anglais). Ce programme est financ\u00e9 par l\u2019USIP \u00e0 travers le D\u00e9partement d\u2019Etat Am\u00e9ricain. Le DJS est un concept qui vise l\u2019am\u00e9lioration des relations entre les FDS ou FSI et les communaut\u00e9s. Le but de ce programme est l\u2019implication de la population \u00e0 la recherche des solutions aux probl\u00e8mes de s\u00e9curit\u00e9 que traverse la communaut\u00e9. Il s\u2019agit d\u2019amener ensemble les communaut\u00e9s et les FDS ou FSI \u00e0 renforcer leurs collaborations dans le respect des missions de chaque partie.&nbsp; Ce programme est aujourd\u2019hui dans sa troisi\u00e8me phase.<\/li>\n\n\n\n<li><strong>Projet action pour la transparence des \u00e9lections au Niger&nbsp;: les jeunes s\u2019engagent&nbsp;\u00bb&nbsp;: <\/strong>Ce projet financ\u00e9 par OSIWA est mis en \u0153uvre dans toutes les r\u00e9gions du Niger (Agadez, Diffa, Dosso, Maradi, Tahoua, Tillab\u00e9ri, Niamey et Zinder). Ce projet s\u2019inscrit dans le cadre d\u2019accompagnement du processus \u00e9lectoral 2020-2021 au Niger \u00e0 travers la mobilisation des jeunes (hommes et femmes) pour qu\u2019ils participent pleinement en tant qu\u2019\u00e9lecteurs et ou candidats aux \u00e9lections municipales, l\u00e9gislatives et pr\u00e9sidentielles. Dans le cadre de ce projet plusieurs activit\u00e9s ont \u00e9t\u00e9 r\u00e9alis\u00e9es dont entre autres&nbsp;: le recrutement et la formation de 150 relais citoyens, la mobilisation des jeunes (hommes et femmes) pour l\u2019enr\u00f4lement, le retrait des cartes d\u2019\u00e9lecteurs et la participation massive aux diff\u00e9rents scrutins, l\u2019observation des \u00e9lections, etc.<\/li>\n\n\n\n<li><strong>Projet&nbsp;: \u00ab Voix des jeunes et des femmes pour le d\u00e9veloppement MURYARMU-GURIN MU&nbsp;\u00bb. VJF-Dev <\/strong>financ\u00e9 par Oxfam vise \u00e0 promouvoir la participation des jeunes et des femmes dans les sph\u00e8res de prise de d\u00e9cision au niveau communautaire dans les communes rurales de Tamask\u00e9 et Bambeye. Ce projet a r\u00e9alis\u00e9 entre autres deux ateliers de diagnostic et d\u2019analyse des obstacles li\u00e9s \u00e0 l\u2019implication des jeunes et des femmes aux sph\u00e8res de prise de d\u00e9cision, organisation de deux Foras des jeunes&nbsp;pour le Dialogue intergenerational&nbsp;\u00ab&nbsp;engagement des jeunes pour le d\u00e9veloppement local&nbsp;\u00bb, la Production de 8 spots de sensibilisation diffus\u00e9s \u00e0 travers les radios communautaires de Bambaye et Tamask\u00e9&nbsp;; la r\u00e9alisation de 4 \u00e9missions radiophoniques interactives sur le genre et d\u00e9veloppement&nbsp;; la cr\u00e9ation de 40 clubs d\u2019\u00e9coutes dans les 10 villages cibles ; l\u2019organisation de 10 s\u00e9ances &nbsp;d\u2019assembl\u00e9es villageoises sur des th\u00e9matiques de d\u00e9veloppement&nbsp;; l\u2019organisation d&rsquo;une campagne de sensibilisation et de communication \u00e0 travers les r\u00e9seaux sociaux&nbsp;; l\u2019organisation d&rsquo;un concours de sketchs entre les Clubs d\u2019Ecoutes pour le D\u00e9veloppement (CED) et de l\u2019organisation des focus groups sur la participation politique des jeunes et des femmes lors des \u00e9lections locales.<\/li>\n\n\n\n<li><strong>Projet Appui \u00e0 la Pr\u00e9vention des Conflits \u00c9lectoraux au Niger (PAPCEN) <\/strong>financ\u00e9 par USAID\/REWARD a pour but de contribuer \u00e0 la pr\u00e9vention des violences \u00e9lectorales et post-\u00e9lectorales lors des \u00e9lections 2020\/2021. La mise en \u0153uvre de ce projet a permis de r\u00e9aliser plusieurs activit\u00e9s dont la formation de 40 pairs \u00e9ducateurs sur la pr\u00e9vention et la gestion des conflits \u00e9lectoraux&nbsp;; la formation de 40 journalistes et blogueurs sur le contenu web ax\u00e9 sur la pr\u00e9vention et gestion des conflits et contentieux \u00e9lectoraux&nbsp;; le recrutement et la formation de 12 news trackers&nbsp;sur la collecte et la remont\u00e9e des informations portant sur les fake news, les discours haineux, des messages appelant \u00e0 la violence \u00e0 travers une plateforme \u00e9lectronique; la production des rapports hebdomadaires sur les fakes news, la r\u00e9alisation et l\u2019affichage de 80 banderoles portant des messages de sensibilisation sur les \u00e9lections apais\u00e9es.<\/li>\n\n\n\n<li><strong>Projet : \u00ab Appui au monitoring des droits humains, l&rsquo;acc\u00e8s \u00e0 la justice et l\u2019am\u00e9lioration des liens de confiance et de collaboration entre les forces de d\u00e9fense et de s\u00e9curit\u00e9 int\u00e9rieure et les populations dans les communes de T\u00e9baram ; Takanamatt ; Madarounfa et de Dan Issa \u00bb <\/strong>financ\u00e9 par l\u2019Institut Danois des Droits de l\u2019Homme (IDDH)&nbsp;pour une dur\u00e9e de 24 mois: Dans le cadre de la mise en oeuvre de ce projet les activit\u00e9s suivantes sont pr\u00e9vues: la cartographie des acteurs locaux de la s\u00e9curit\u00e9 et des droits humains; un atelier de formation des 80 membres des OSC sur le monitoring du respect des droits humains par les forces de s\u00e9curit\u00e9 int\u00e9rieure; la mise en place des comit\u00e9s techniques communautaires&nbsp;; la cr\u00e9ation d&rsquo;une plateforme de collecte, de transmission et traitement automatique des abus des FSI \u00e0 la plateforme \u00e9lectronique de collecte et remont\u00e9e des donn\u00e9es; la formation de 80 relais; un atelier d\u2019identification, de diagnostic et de priorisation des obstacles et d\u00e9fis \u00e0 la confiance et la collaboration entre FSI et communaut\u00e9s ainsi que l&rsquo;\u00e9laboration d&rsquo;un plan d&rsquo;actions; l\u2019organisation de 16 sessions de dialogue multi acteurs&nbsp;; l\u2019organisation de 40 activit\u00e9s communautaires entre FSI et populations suivies des s\u00e9ances de sensibilisation sur les missions des FSI et la justice&nbsp;; la conception et \u00e9dition de 400 exemplaires du guide sur les modalit\u00e9s de saisine de la justice; l\u2019organisation de 40 \u00e9missions radiophoniques \u00ab\u00a0tribunes citoyennes \u00bb; la cr\u00e9ation d&rsquo;une plateforme virtuelle d&rsquo;informations sur les missions et offres des FSI et la justice.<\/li>\n\n\n\n<li><strong>Programme de Pr\u00e9vention de l\u2019Extr\u00e9misme Violent et de promotion de la R\u00e9silience Communautaire (PEV- RC) <\/strong>financ\u00e9 par GCERF pour une dur\u00e9e de 36 mois pour am\u00e9liorer l\u2019\u00e9cologie sociale afin de mettre en place des conditions propices \u00e0 la pr\u00e9vention de l&rsquo;extr\u00e9misme violent, au renforcement de la r\u00e9silience communautaire et \u00e0 la favorisation de la r\u00e9habilitation, le d\u00e9sengagement et l\u2019int\u00e9gration\/la r\u00e9int\u00e9gration des personnes se d\u00e9sengageant de groupes criminels dans la region de Tillab\u00e9ri au niveau des communes de Anzourou, Ay\u00e9rou, Bibiyergou, Dessa, Inates, Kourteye, Sakoira, Sinder, Bankilar\u00e9, Dargol , Diagourou, Goroual, Got\u00e9ye, Kokorou, M\u00e9hana, Torodi et Makalondi. Dans le cadre de la mise en oeuvre de ce programme les activit\u00e9s suivantes sont pr\u00e9vues: la formation professionnelle des jeunes&nbsp;; la micro finance \u00e0 l&rsquo;endroit des jeunes des localit\u00e9s affect\u00e9s par l&rsquo;extr\u00e9misme violent&nbsp;;&nbsp; la formation des femmes et jeunes en Activit\u00e9s g\u00e9n\u00e9ratrices de Revenus (AGR)&nbsp;; le soutien aux GIE des femmes&nbsp;; le suivi r\u00e9gulier des microprojets financ\u00e9s&nbsp;; les s\u00e9ances de dialogue communautaire&nbsp;; la sensibilisation \u00e0 travers les radios communautaires ; la formation sur la pr\u00e9vention de l&rsquo;extr\u00e9misme violent&nbsp;;&nbsp; les fora communautaires&nbsp;; les campagnes de sensibilisation de masse&nbsp;et le soutien psychosociale et r\u00e9f\u00e9rencement.<\/li>\n\n\n\n<li><strong>Programme Femme contre l\u2019extr\u00e9misme Violent (WPVE) <\/strong>financ\u00e9 par l\u2019Institut des Etats Unis pour la Paix (USIP) dans les departement des Konni et Madarounfa.<\/li>\n\n\n\n<li><strong>Le projet Actions pour une Gouvernance Locale Inclusive, Redevable et Participative dans la commune de SAKOIRA <\/strong>financ\u00e9 par Mercy Corps&nbsp;.<strong>Objectif&nbsp; global<\/strong>&nbsp;: promouvoir une gouvernance inclusive ainsi que la responsabilisation des communaut\u00e9s dans le processus d\u2019\u00e9dification \u00e0 la paix dans la commune de <strong>Sakoira<\/strong>. <strong>Objectifs sp\u00e9cifiques<\/strong>&nbsp;:<\/li>\n\n\n\n<li>Promouvoir une gouvernance inclusive, sensible aux aspirations des jeunes et des femmes \u00e0 travers la mobilisation de <strong>90<\/strong> leaders des jeunes, femmes et d\u00e9plac\u00e9s internes d\u2019ici Avril 2023&nbsp;;<\/li>\n\n\n\n<li>Renforcer le dispositif communautaire pour l\u2019\u00e9dification \u00e0 la paix par la mobilisation de 180 personnes d\u2019ici Avril 2023.<\/li>\n\n\n\n<li><strong>Le projet Initiatives Communautaires pour la Paix (ICP) SAKOIRA <\/strong>financ\u00e9 par USAID\/REWARD II&nbsp; dans la commune de Sakoira. <strong>BUT<\/strong>&nbsp;: Le projet \u00ab ICP&nbsp;\u00bb a pour objectif de contribuer \u00e0 la pr\u00e9vention et la lutte contre la radicalisation et l\u2019extr\u00e9misme violent au Niger. &nbsp;Les objectifs sp\u00e9cifiques du projet \u00ab&nbsp;ICP&nbsp;\u00bb sont&nbsp;:<\/li>\n\n\n\n<li>Objectif 1&nbsp;:&nbsp;L\u2019engagement civique communautaire pour la paix et la s\u00e9curit\u00e9 est renforc\u00e9&nbsp;;<\/li>\n\n\n\n<li>&nbsp;&nbsp;&nbsp;&nbsp;&nbsp;&nbsp;&nbsp;&nbsp;&nbsp;&nbsp;&nbsp;&nbsp;&nbsp;&nbsp;&nbsp;Objectif 2&nbsp;:&nbsp;La SNPREV est int\u00e9gr\u00e9 dans le plan de d\u00e9veloppement Communal de Sakoira.<\/li>\n<\/ul>\n\n\n\n<p>Perspectives&nbsp;:<\/p>\n\n\n\n<ul>\n<li><strong>Le projet <\/strong><strong>Appui \u00e0 la gouvernance locale inclusive et la promotion de Droits Humains au sein des FSI<\/strong>, (en cours de n\u00e9gociation avec DUE Niger et IDDH)&nbsp;;<\/li>\n\n\n\n<li><strong>Phase 2 du Projet : \u00ab Appui au monitoring des droits humains, l&rsquo;acc\u00e8s \u00e0 la justice et l\u2019am\u00e9lioration des liens de confiance et de collaboration entre les forces de d\u00e9fense et de s\u00e9curit\u00e9 int\u00e9rieure et les populations dans les communes de T\u00e9baram ; Takanamatt ; Madarounfa et de Dan Issa \u00bb <\/strong>financ\u00e9 par l\u2019Institut Danois des Droits de l\u2019Homme (IDDH)&nbsp; (en cours de n\u00e9gociation avec IDDH)&nbsp;<\/li>\n\n\n\n<li>Projet acc\u00e8s \u00e0 la justice&nbsp;;<\/li>\n\n\n\n<li>Projets et Programmes humanitaires et d\u2019urgences (Wash, sant\u00e9, \u00e9ducation)<\/li>\n\n\n\n<li><\/li>\n<\/ul>\n\n\n\n<figure class=\"wp-block-image size-large\"><img decoding=\"async\" loading=\"lazy\" width=\"1024\" height=\"683\" src=\"https:\/\/mojedec.org\/wp-content\/uploads\/2023\/01\/JMP_3248-1024x683.jpg\" alt=\"\" class=\"wp-image-496\" srcset=\"https:\/\/mojedec.org\/wp-content\/uploads\/2023\/01\/JMP_3248-1024x683.jpg 1024w, https:\/\/mojedec.org\/wp-content\/uploads\/2023\/01\/JMP_3248-300x200.jpg 300w, https:\/\/mojedec.org\/wp-content\/uploads\/2023\/01\/JMP_3248-768x512.jpg 768w, https:\/\/mojedec.org\/wp-content\/uploads\/2023\/01\/JMP_3248-1536x1024.jpg 1536w, https:\/\/mojedec.org\/wp-content\/uploads\/2023\/01\/JMP_3248-2048x1365.jpg 2048w, https:\/\/mojedec.org\/wp-content\/uploads\/2023\/01\/JMP_3248-750x500.jpg 750w, https:\/\/mojedec.org\/wp-content\/uploads\/2023\/01\/JMP_3248-1140x760.jpg 1140w\" sizes=\"(max-width: 1024px) 100vw, 1024px\" \/><\/figure>\n","protected":false},"excerpt":{"rendered":"<p>Le Mouvement des Jeunes pour le D\u00e9veloppement et Education citoyenne (MOJEDEC) a \u00e9t\u00e9 cr\u00e9\u00e9 le 21 septembre 2011 et est reconnu par l\u2019arr\u00eat\u00e9 n\u00b0189\u00a0\/\u00a0MISPD\u00a0\/AR\/DGAP\/DLP du 05 avril 2012 conform\u00e9ment \u00e0 l\u2019ordonnance n\u00b084-06 du 1er Mars 1984 portant r\u00e9gime des associations, modifi\u00e9e par la loi n\u00b091-006 du 20 Mars 1991. Ce mouvement est amin\u00e9 par des [&hellip;]<\/p>\n","protected":false},"author":4,"featured_media":0,"parent":0,"menu_order":0,"comment_status":"closed","ping_status":"closed","template":"","meta":{"om_disable_all_campaigns":false,"_mi_skip_tracking":false},"aioseo_notices":[],"_links":{"self":[{"href":"https:\/\/mojedec.org\/index.php\/wp-json\/wp\/v2\/pages\/487"}],"collection":[{"href":"https:\/\/mojedec.org\/index.php\/wp-json\/wp\/v2\/pages"}],"about":[{"href":"https:\/\/mojedec.org\/index.php\/wp-json\/wp\/v2\/types\/page"}],"author":[{"embeddable":true,"href":"https:\/\/mojedec.org\/index.php\/wp-json\/wp\/v2\/users\/4"}],"replies":[{"embeddable":true,"href":"https:\/\/mojedec.org\/index.php\/wp-json\/wp\/v2\/comments?post=487"}],"version-history":[{"count":3,"href":"https:\/\/mojedec.org\/index.php\/wp-json\/wp\/v2\/pages\/487\/revisions"}],"predecessor-version":[{"id":808,"href":"https:\/\/mojedec.org\/index.php\/wp-json\/wp\/v2\/pages\/487\/revisions\/808"}],"wp:attachment":[{"href":"https:\/\/mojedec.org\/index.php\/wp-json\/wp\/v2\/media?parent=487"}],"curies":[{"name":"wp","href":"https:\/\/api.w.org\/{rel}","templated":true}]}}