{"id":690,"date":"2024-05-11T11:05:12","date_gmt":"2024-05-11T10:05:12","guid":{"rendered":"https:\/\/mojedec.org\/?page_id=690"},"modified":"2024-05-11T11:08:15","modified_gmt":"2024-05-11T10:08:15","slug":"reglement-interieur-du-concours","status":"publish","type":"page","link":"https:\/\/mojedec.org\/index.php\/reglement-interieur-du-concours\/","title":{"rendered":"R\u00e8glement int\u00e9rieur du concours"},"content":{"rendered":"\n<p><strong>R\u00e8glement int\u00e9rieur du concours \u00ab&nbsp;Art et citoyennet\u00e9 active&nbsp;\u00bb<\/strong><\/p>\n\n\n\n<p><strong>Article 1: Pr\u00e9sentation de l\u2019activit\u00e9<\/strong><\/p>\n\n\n\n<p>Le concours \u00ab&nbsp;Art et citoyennet\u00e9 active&nbsp;\u00bb est une des activit\u00e9s du projet \u00ab&nbsp;appui \u00e0 la gouvernance locale inclusive et la promotion des droits humains&nbsp;au sein des forces de s\u00e9curit\u00e9 int\u00e9rieure&nbsp;\u00bb. C\u2019est une activit\u00e9 qui permettra de mettre en comp\u00e9tition des artistes en vue de produire des \u0153uvres alliant l\u2019art et citoyennet\u00e9 active ou la contribution de l\u2019art pour l\u2019engagement citoyen. Les productions artistiques, faites sous forme de SLAM, de PHOTOGRAPHIE et de SKETCH HUMORISTIQUE, porteront entre autres sur la redevabilit\u00e9, la lutte contre la marginalisation sociale, les droits et devoirs du citoyen, la tol\u00e9rance religieuse, la d\u00e9mocratie, la bonne gouvernance et la libert\u00e9 d\u2019expression. Les 3 meilleures \u0153uvres de chaque cat\u00e9gorie, soient 9 au total seront prim\u00e9es et diffus\u00e9es \u00e0 travers le Web TV et les r\u00e9seaux sociaux du MOJEDEC.&nbsp;<\/p>\n\n\n\n<p><strong>Article 2 : Objectif<\/strong><\/p>\n\n\n\n<p>Contribuer \u00e0 booster l\u2019engagement citoyen dans la zone d\u2019intervention du projet.<\/p>\n\n\n\n<p><strong>Article 3: Conditions de recevabilit\u00e9<\/strong><\/p>\n\n\n\n<p>Ce concours est ouvert \u00e0 toute personne physique \u00e2g\u00e9e de 18 ans et plus, qui r\u00e9side sur le territoire national. Les membres du jury et du comit\u00e9 d\u2019organisation ne sont pas autoris\u00e9s \u00e0 concourir. Les \u0153uvres r\u00e9alis\u00e9es en fran\u00e7ais et toute autre langue nationale des terroirs sont recevables.<\/p>\n\n\n\n<p><strong>3.1\/ Pour le SLAM<\/strong><\/p>\n\n\n\n<p><strong>3.1.1\/<\/strong> Le dossier des artistes slameurs devra comporter : un formulaire d\u2019inscription et d\u2019engagement remplit et une photo d\u2019identit\u00e9.<\/p>\n\n\n\n<p><strong>3.1.2\/<\/strong> L\u2019\u0153uvre doit \u00eatre r\u00e9alis\u00e9e sur deux formats&nbsp;: la version texte et la version d\u00e9clam\u00e9e n\u2019exc\u00e9dant pas 5 mn. Le sujet d\u00e9velopp\u00e9 dans l\u2019\u0153uvre doit \u00eatre original et en conformit\u00e9 avec les th\u00e9matiques du concours, le texte doit \u00eatre po\u00e9tique, expressif et authentique avec un rythme fluide et percutant, l\u2019utilisation de figures de style et jeux de mots, capable de captiver l&rsquo;audience et transmettre un message fort et susceptible d\u2019avoir un impact \u00e9motionnel sur le public.<\/p>\n\n\n\n<p><strong>3.1.3\/<\/strong> Le pr\u00e9sent concours pourra donner lieu \u00e0 une c\u00e9r\u00e9monie o\u00f9 les \u0153uvres prim\u00e9es seront pr\u00e9sent\u00e9es au public. Le&nbsp; MOJEDEC se r\u00e9serve le droit d\u2019annuler la c\u00e9r\u00e9monie si la qualit\u00e9 des \u0153uvres propos\u00e9es ne lui parait pas suffisante.<\/p>\n\n\n\n<p><strong>3.2\/ pour la photographie<\/strong><\/p>\n\n\n\n<p><strong>3.2.1\/<\/strong> Le concours est ouvert aux photographes amateurs et professionnels remplissant les conditions d\u00e9crites \u00e0 l\u2019article 3.&nbsp;<\/p>\n\n\n\n<p>\u2022 La participation au concours est gratuite.<\/p>\n\n\n\n<p>\u2022 Les concurrents peuvent pr\u00e9senter 3 photos maximum.<\/p>\n\n\n\n<p>\u2022 Les concurrents doivent poss\u00e9der une certaine aisance pour pouvoir communiquer le concept visuellement, pouvoir le transmettre \u00e9galement par un titre et une br\u00e8ve description. La description doit refl\u00e9ter le plus possible le contexte dans lequel la photo a \u00e9t\u00e9 prise.<\/p>\n\n\n\n<p><strong>3.2.2\/<\/strong> Sont accept\u00e9es les photographies prises dans les douze mois avant la date du concours, qui n\u2019ont pas gagn\u00e9 de prix et qui respectent le th\u00e8me du concours. L&rsquo;image devra, notamment, illustrer un ou plusieurs des sujets suivants: la redevabilit\u00e9, la lutte contre la marginalisation sociale, les droits et devoirs du citoyen, la tol\u00e9rance religieuse, la d\u00e9mocratie, la bonne gouvernance et la libert\u00e9 d\u2019expression.<\/p>\n\n\n\n<p><strong>3.2.3\/<\/strong>&nbsp; R\u00e9solution\/Taille de l\u2019image<\/p>\n\n\n\n<ul>\n<li>Les photos peuvent \u00eatre propos\u00e9es en noir et blanc ou en couleur&nbsp;<\/li>\n\n\n\n<li>L\u2019image doit \u00eatre au format JPEG&nbsp;<\/li>\n\n\n\n<li>La r\u00e9solution doit \u00eatre de 10 Mo, ou disponible \u00e0 une r\u00e9solution sup\u00e9rieure sur demande&nbsp;<\/li>\n\n\n\n<li>Seulement quelques retouches num\u00e9riques correspondant aux conditions traditionnelles de d\u00e9veloppement en chambre noire sont accept\u00e9es:&nbsp;<\/li>\n<\/ul>\n\n\n\n<ul>\n<li>retouches mineures des couleurs<\/li>\n\n\n\n<li>corrections raisonnables de l\u2019exposition, des couleurs et des contrastes&nbsp;<\/li>\n\n\n\n<li>recadrage&nbsp;<\/li>\n\n\n\n<li>l\u2019ajout ou la suppression d\u2019\u00e9l\u00e9ments, les collages et autres montages photographiques ne sont pas permis&nbsp;<\/li>\n\n\n\n<li>les photographies contenant des textes ou des images superpos\u00e9es ne sont pas permises.<\/li>\n<\/ul>\n\n\n\n<p><strong>3.2.4\/<\/strong>&nbsp; Sp\u00e9cifications techniques pour t\u00e9l\u00e9charger les photos&nbsp;<\/p>\n\n\n\n<ul>\n<li>Taille minimale: 1000 px | 72 dpi&nbsp;<\/li>\n\n\n\n<li>Taille maximale: 5000 x 5000 px&nbsp;<\/li>\n\n\n\n<li>Poids maximal: 5 Mo<\/li>\n<\/ul>\n\n\n\n<p><strong>3.3: Pour les \u0153uvres humoristiques<\/strong><\/p>\n\n\n\n<p><strong>3.3.1\/<\/strong> La participation requiert une \u0153uvre originale sur support audio, en langue fran\u00e7aise ou toute autre langue nationale dont la dur\u00e9e ne doit pas exc\u00e9der cinq minutes, g\u00e9n\u00e9rique compris.&nbsp;<\/p>\n\n\n\n<p><strong>3.3.2\/<\/strong> Le sketch doit s\u2019inscrire dans le th\u00e8me de l\u2019ann\u00e9e et r\u00e9pondre \u00e0 l\u2019une des th\u00e9matiques d\u00e9finies au niveau de l\u2019article 1 du pr\u00e9sent r\u00e8glement int\u00e9rieur.<\/p>\n\n\n\n<p><strong>3.3.3\/<\/strong> Tout participant s\u2019engage \u00e0 faire parvenir au MOJEDEC un sketch dont il est lui-m\u00eame l\u2019auteur et qui n\u2019a pas \u00e9t\u00e9 prim\u00e9 dans un autre concours. Aucun plagiat ne sera tol\u00e9r\u00e9. Du seul fait de leur participation, les candidats garantissent les organisateurs et les jurys contre tout recours \u00e9ventuel de tiers en ce qui concerne l\u2019originalit\u00e9 de l\u2019\u0153uvre pr\u00e9sent\u00e9e.<\/p>\n\n\n\n<p>Au cas o\u00f9 le MOJEDEC r\u00e9compenserait l\u2019\u0153uvre d\u2019un participant dont il n\u2019est pas l\u2019auteur, et si l\u2019auteur v\u00e9ritable se manifestait et se retournait contre les organisateurs, ces derniers se r\u00e9servent le droit de se retourner \u00e0 leur tour contre le participant.La participation est limit\u00e9e \u00e0 un sketch par candidat.<\/p>\n\n\n\n<p><strong>Article 5: Composition du jury et crit\u00e8res de d\u00e9cision<\/strong><\/p>\n\n\n\n<p><strong>5.1\/<\/strong> Les jurys sont d\u00e9sign\u00e9s par le comit\u00e9 d\u2019organisation. Ils sont compos\u00e9s de 3 membres chacun par fili\u00e8re et issus du monde artistique et culturel national.&nbsp;<\/p>\n\n\n\n<p><strong>5.2\/<\/strong> Les jurys sont souverains et n\u2019ont pas \u00e0 justifier leurs d\u00e9cisions qui seront prises \u00e0 la majorit\u00e9 simple des pr\u00e9sents. Lors des d\u00e9lib\u00e9rations, en cas d\u2019\u00e9galit\u00e9 des voix, la voix du pr\u00e9sident ou de la pr\u00e9sidente est pr\u00e9pond\u00e9rante. Le vote par correspondance n\u2019est pas admis.<\/p>\n\n\n\n<p><strong>Article 6 : Les s\u00e9lections<\/strong><\/p>\n\n\n\n<p>Les \u0153uvres seront centralis\u00e9es au niveau du bureau national du MOJEDEC \u00e0 Niamey. Les s\u00e9lections se feront par les jurys mis en place.<\/p>\n\n\n\n<p><strong>Article 7 : Les r\u00e9compenses&nbsp;<\/strong><\/p>\n\n\n\n<p><strong>7.1<\/strong> Trois (03) prix seront d\u00e9cern\u00e9s par domaine (SLAM, PHOTOGRAPHIE et SKETCHS HUMORISTIQUES par ordre de m\u00e9rite :<\/p>\n\n\n\n<ul>\n<li>1<sup>er<\/sup> prix pour chaque cat\u00e9gorie&nbsp;: 500 000&nbsp;<\/li>\n\n\n\n<li>2<sup>\u00e8me<\/sup> prix pour chaque cat\u00e9gorie&nbsp;: 300 000&nbsp;<\/li>\n\n\n\n<li>3<sup>\u00e8me<\/sup> prix pour chaque cat\u00e9gorie&nbsp;: 200 000<\/li>\n<\/ul>\n\n\n\n<p><strong>7.2\/<\/strong> Les r\u00e9compenses consistent en la remise des prix par le Comit\u00e9 et les personnalit\u00e9s invit\u00e9es dans chaque cat\u00e9gorie.<\/p>\n\n\n\n<p><strong>7.3\/<\/strong> Le jury se r\u00e9serve le droit de ne pas d\u00e9cerner les \u00ab Prix \u00bb s\u2019il estime qu\u2019aucune \u0153uvre ne remplit les conditions pr\u00e9vues par le pr\u00e9sent r\u00e8glement. Ses d\u00e9cisions sont sans appel.<\/p>\n\n\n\n<p><strong>Article 8: Droits de propri\u00e9t\u00e9 et d\u2019utilisation des \u0153uvres<\/strong><\/p>\n\n\n\n<p>Les auteurs demeurent propri\u00e9taires de leurs \u0153uvres. N\u00e9anmoins en participant au concours, ils devront fournir les autorisations n\u00e9cessaires pour leur diffusion dans les m\u00e9dias ou leur exposition dans les locaux du MOJEDEC. Du seul fait de leur participation \u00e0 ce concours, les auteurs se portent garants contre tout recours \u00e9ventuel de tiers en ce qui concerne l\u2019originalit\u00e9 des \u0153uvres pr\u00e9sent\u00e9es.<\/p>\n\n\n\n<p><strong>Article 9: Adh\u00e9sion au concours<\/strong><\/p>\n\n\n\n<p>Aucun recours sur les conditions d\u2019organisation et les r\u00e9sultats du concours ne pourra \u00eatre admis. Par ailleurs, la participation au concours implique l\u2019acceptation sans r\u00e9serve par le candidat des clauses du pr\u00e9sent r\u00e8glement.<\/p>\n\n\n\n<p>Crit\u00e8res de notation = 100<\/p>\n\n\n\n<p><strong>a- SLAM<\/strong> : Le jury tiendra compte de :<\/p>\n\n\n\n<figure class=\"wp-block-table\"><table><tbody><tr><td><strong>Crit\u00e8res de notation<\/strong><\/td><td><strong>Evaluation<\/strong><\/td><\/tr><tr><td>Rapport et pertinence de l\u2019\u0153uvre de SLAM propos\u00e9e avec le th\u00e8me du concours<\/td><td>40<\/td><\/tr><tr><td>Authenticit\u00e9 et fluidit\u00e9 du rythme de l\u2019\u0153uvre<\/td><td>30<\/td><\/tr><tr><td>Qualit\u00e9 po\u00e9tique du texte&nbsp;<\/td><td>30<\/td><\/tr><\/tbody><\/table><\/figure>\n\n\n\n<p>b- La photographie<\/p>\n\n\n\n<figure class=\"wp-block-table\"><table><tbody><tr><td><strong>Crit\u00e8res de notation<\/strong><\/td><td><strong>Evaluation<\/strong><\/td><\/tr><tr><td>Rapport net et pertinence du sujet de la photo avec le th\u00e8me du concours<\/td><td>20<\/td><\/tr><tr><td>Originalit\u00e9, cr\u00e9ativit\u00e9, clart\u00e9 et pr\u00e9sentation g\u00e9n\u00e9rale<\/td><td>40<\/td><\/tr><tr><td>Bonne composition, mise au point, esth\u00e9tique et excellence technique.<\/td><td>40<\/td><\/tr><\/tbody><\/table><\/figure>\n\n\n\n<p>c- Le sketch humoristique<\/p>\n\n\n\n<figure class=\"wp-block-table\"><table><tbody><tr><td><strong>Crit\u00e8res de notation<\/strong><\/td><td><strong>Evaluation<\/strong><\/td><\/tr><tr><td>Rapport net et pertinence du sketch avec le th\u00e8me du concours<\/td><td>40<\/td><\/tr><tr><td>Originalit\u00e9, cr\u00e9ativit\u00e9<\/td><td>40<\/td><\/tr><tr><td>Qualit\u00e9 du son et r\u00e9alisation du sketch&nbsp;<\/td><td>20<\/td><\/tr><\/tbody><\/table><\/figure>\n\n\n\n<p><strong>Article 10: D\u00e9p\u00f4t de candidature&nbsp;:<\/strong><\/p>\n\n\n\n<p>Les candidats d\u00e9poseront leurs candidatures&nbsp;:<\/p>\n\n\n\n<ul>\n<li>En ligne \u00e0 travers les adresses suivantes&nbsp;: mojedec@gmail.com ou mojedec@yahoo.fr en pr\u00e9cisant en objet, \u00ab&nbsp;concours art et citoyennet\u00e9 active&nbsp;\u00bb<\/li>\n\n\n\n<li>Physiquement&nbsp;: au si\u00e8ge du MOJEDEC \u00e0 Niamey, 5<sup>\u00e8me<\/sup> Arr, Gaw\u00e8ye, Rue Ki 30&nbsp;;<\/li>\n\n\n\n<li><strong>R\u00e9gion d\u2019Agadez<\/strong><strong> :<\/strong> Avenue route Tahoua, en face du march\u00e9 Sidi Mohamed ;<\/li>\n<\/ul>\n\n\n\n<ul>\n<li><strong>R\u00e9gion de Diffa<\/strong><strong> :<\/strong> Quartier&nbsp; Maloumdi&nbsp;;<\/li>\n\n\n\n<li><strong>R\u00e9gion de Dosso<\/strong><strong> :<\/strong> Quartier Bagu\u00e9 Koira, en face de l\u2019ar\u00e8ne des luttes ;<\/li>\n\n\n\n<li><strong>R\u00e9gion de Maradi<\/strong> : Quartier Ali Dan Sofo (ADS), en face de l\u2019\u00e9tage mai darapo&nbsp;;&nbsp;<\/li>\n\n\n\n<li><strong>R\u00e9gion de Tahoua<\/strong><strong> :<\/strong> Quartier Sabon Gari\/Tahoua, \u00e0 c\u00f4t\u00e9 du bureau r\u00e9gional de l\u2019UNICEF;<\/li>\n\n\n\n<li><strong>R\u00e9gion de Tillab\u00e9ri<\/strong><strong> : <\/strong>Quartier Kabia, en face de la DRSP&nbsp;;<\/li>\n\n\n\n<li><strong>R\u00e9gion de Zinder<\/strong> <strong>:<\/strong> Bureau R\u00e9gional de Zinder.&nbsp;<\/li>\n<\/ul>\n","protected":false},"excerpt":{"rendered":"<p>R\u00e8glement int\u00e9rieur du concours \u00ab&nbsp;Art et citoyennet\u00e9 active&nbsp;\u00bb Article 1: Pr\u00e9sentation de l\u2019activit\u00e9 Le concours \u00ab&nbsp;Art et citoyennet\u00e9 active&nbsp;\u00bb est une des activit\u00e9s du projet \u00ab&nbsp;appui \u00e0 la gouvernance locale inclusive et la promotion des droits humains&nbsp;au sein des forces de s\u00e9curit\u00e9 int\u00e9rieure&nbsp;\u00bb. C\u2019est une activit\u00e9 qui permettra de mettre en comp\u00e9tition des artistes en [&hellip;]<\/p>\n","protected":false},"author":1,"featured_media":0,"parent":0,"menu_order":0,"comment_status":"closed","ping_status":"closed","template":"","meta":{"om_disable_all_campaigns":false,"_mi_skip_tracking":false},"aioseo_notices":[],"_links":{"self":[{"href":"https:\/\/mojedec.org\/index.php\/wp-json\/wp\/v2\/pages\/690"}],"collection":[{"href":"https:\/\/mojedec.org\/index.php\/wp-json\/wp\/v2\/pages"}],"about":[{"href":"https:\/\/mojedec.org\/index.php\/wp-json\/wp\/v2\/types\/page"}],"author":[{"embeddable":true,"href":"https:\/\/mojedec.org\/index.php\/wp-json\/wp\/v2\/users\/1"}],"replies":[{"embeddable":true,"href":"https:\/\/mojedec.org\/index.php\/wp-json\/wp\/v2\/comments?post=690"}],"version-history":[{"count":2,"href":"https:\/\/mojedec.org\/index.php\/wp-json\/wp\/v2\/pages\/690\/revisions"}],"predecessor-version":[{"id":693,"href":"https:\/\/mojedec.org\/index.php\/wp-json\/wp\/v2\/pages\/690\/revisions\/693"}],"wp:attachment":[{"href":"https:\/\/mojedec.org\/index.php\/wp-json\/wp\/v2\/media?parent=690"}],"curies":[{"name":"wp","href":"https:\/\/api.w.org\/{rel}","templated":true}]}}